{"id":2,"date":"2008-12-04T17:32:35","date_gmt":"2008-12-04T16:32:35","guid":{"rendered":"http:\/\/www.granadablogs.com\/juezcalatayud\/?page_id=2"},"modified":"2024-12-26T18:25:03","modified_gmt":"2024-12-26T16:25:04","slug":"informacion","status":"publish","type":"page","link":"https:\/\/www.granadablogs.com\/juezcalatayud\/informacion\/","title":{"rendered":"Mis sentencias ejemplares"},"content":{"rendered":"\n<figure class=\"wp-block-image aligncenter size-full\"><a href=\"http:\/\/www.granadablogs.com\/juezcalatayud\/wp-content\/uploads\/2008\/12\/calatayud.jpg\"><img loading=\"lazy\" decoding=\"async\" width=\"300\" height=\"473\" src=\"https:\/\/www.granadablogs.com\/juezcalatayud\/wp-content\/uploads\/2008\/12\/calatayud.jpg\" alt=\"Portada del libro\" class=\"wp-image-16\" srcset=\"https:\/\/www.granadablogs.com\/juezcalatayud\/wp-content\/uploads\/2008\/12\/calatayud.jpg 300w, https:\/\/www.granadablogs.com\/juezcalatayud\/wp-content\/uploads\/2008\/12\/calatayud-190x300.jpg 190w\" sizes=\"auto, (max-width: 300px) 100vw, 300px\" \/><\/a><figcaption class=\"wp-element-caption\">Portada del libro<\/figcaption><\/figure>\n\n\n\n<p>\u2018Mis sentencias ejemplares\u2019 sali\u00f3 a la venta el pasado 7 de octubre y, hace tres o cuatro d\u00edas, la editorial (La Esfera de los Libros) puso a la venta la cuarta edici\u00f3n, un modesto r\u00e9cord que nos emociona.<\/p>\n\n\n\n<p>El libro ha sido escrito a cuatro manos por don Emilio Calatayud, juez de Menores de Granada, y un servidor, periodista del diario IDEAL. Las primeras p\u00e1ginas incluyen un perfil del personaje que incide en su vertiente contestataria y rebelde. A continuaci\u00f3n va una agitada autobiograf\u00eda \u2013es la parte que m\u00e1s le gusta al propio juez Calatayud \u2013 y un amplio repaso, en primera persona, a las decenas de sentencias que ha dictado, unas resoluciones que se caracterizan por no dejar indiferente a nadie. As\u00ed, el juez Calatayud ha \u2018condenado\u2019 a ni\u00f1os a aprender a leer o a bailar, a ser buenos padres y madres o a dibujar un tebeo. Esta \u00faltima condena tiene nombre y apellidos: Enrique Ruiz Juristo. Nadie mejor que \u00e9l para ilustrar las p\u00e1ginas de \u2018Mis sentencias ejemplares\u2019.<\/p>\n\n\n\n<p>Lo mejor que se ha dicho de \u2018Mis Sentencias\u2019 es que es bastante entretenido y que se lee como si fuera una novela. Ojal\u00e1 que los que a\u00fan no lo tienen pero piensan tenerlo lleguen a la misma conclusi\u00f3n.<\/p>\n\n\n\n<p>Este es el segundo libro de Emilio Calatayud: el anterior, que es 2007, va ya por la quinta o la sexta edici\u00f3n. Est\u00e1 publicado en la editorial Dauro y se titula \u2018Reflexiones de un juez de menores\u2019.<\/p>\n\n\n\n<p>Gracias por leer y si es nuestro libro, pues dobles gracias.<\/p>\n\n\n\n<p>Carlos Mor\u00e1n.<\/p>\n\n\n\n<p><a href=\"http:\/\/www.casadellibro.com\/libro-mis-sentencias-ejemplares\/2900001281365\">&#8216;Mis sentencias ejemplares&#8217; en Casa del Libro<\/a><\/p>\n","protected":false},"excerpt":{"rendered":"<p>\u2018Mis sentencias ejemplares\u2019 sali\u00f3 a la venta el pasado 7 de octubre y, hace tres o cuatro d\u00edas, la editorial (La Esfera de los Libros) puso a la venta la cuarta edici\u00f3n, un modesto r\u00e9cord que nos emociona. El libro ha sido escrito a cuatro manos por don Emilio Calatayud, juez de Menores de Granada, [&hellip;]<\/p>\n","protected":false},"author":1,"featured_media":0,"parent":0,"menu_order":0,"comment_status":"open","ping_status":"open","template":"","meta":{"jetpack_post_was_ever_published":false,"footnotes":""},"class_list":["post-2","page","type-page","status-publish","hentry"],"jetpack_shortlink":"https:\/\/wp.me\/P5fzW5-2","jetpack-related-posts":[],"jetpack_sharing_enabled":true,"_links":{"self":[{"href":"https:\/\/www.granadablogs.com\/juezcalatayud\/wp-json\/wp\/v2\/pages\/2","targetHints":{"allow":["GET"]}}],"collection":[{"href":"https:\/\/www.granadablogs.com\/juezcalatayud\/wp-json\/wp\/v2\/pages"}],"about":[{"href":"https:\/\/www.granadablogs.com\/juezcalatayud\/wp-json\/wp\/v2\/types\/page"}],"author":[{"embeddable":true,"href":"https:\/\/www.granadablogs.com\/juezcalatayud\/wp-json\/wp\/v2\/users\/1"}],"replies":[{"embeddable":true,"href":"https:\/\/www.granadablogs.com\/juezcalatayud\/wp-json\/wp\/v2\/comments?post=2"}],"version-history":[{"count":6,"href":"https:\/\/www.granadablogs.com\/juezcalatayud\/wp-json\/wp\/v2\/pages\/2\/revisions"}],"predecessor-version":[{"id":20632,"href":"https:\/\/www.granadablogs.com\/juezcalatayud\/wp-json\/wp\/v2\/pages\/2\/revisions\/20632"}],"wp:attachment":[{"href":"https:\/\/www.granadablogs.com\/juezcalatayud\/wp-json\/wp\/v2\/media?parent=2"}],"curies":[{"name":"wp","href":"https:\/\/api.w.org\/{rel}","templated":true}]}}